{"id":504,"date":"2025-09-01T21:31:11","date_gmt":"2025-09-01T21:31:11","guid":{"rendered":"https:\/\/www.thebackjacket.com\/?post_type=product&#038;p=504"},"modified":"2026-04-11T18:17:26","modified_gmt":"2026-04-11T18:17:26","slug":"the-backjacket","status":"publish","type":"product","link":"https:\/\/www.thebackjacket.com\/index.php\/producto\/the-backjacket\/","title":{"rendered":"The Backjacket"},"content":{"rendered":"<p><span class=\"relative -mx-px my-[-0.2rem] rounded px-px py-[0.2rem] bg-[#FCECC1] dark:bg-[#64572A]\">Backjacket es una innovadora chaqueta para moteros que se transforma r\u00e1pidamente en una mochila de gran capacidad, permiti\u00e9ndote transportar tu casco, guantes y otros accesorios con facilidad y estilo.<\/span>\u200b<\/p>\n<h2 data-start=\"410\" data-end=\"442\"><strong data-start=\"410\" data-end=\"442\">Caracter\u00edsticas principales:<\/strong><\/h2>\n<ul data-start=\"443\" data-end=\"996\">\n<li data-start=\"443\" data-end=\"549\" class=\"\">\n<p data-start=\"445\" data-end=\"549\" class=\"\"><strong data-start=\"445\" data-end=\"467\">M\u00e1xima protecci\u00f3n:<\/strong> <span class=\"relative -mx-px my-[-0.2rem] rounded px-px py-[0.2rem]\">Confeccionada con Cordura 600D y protecciones de nivel 2 para garantizar tu seguridad.<\/span>\u200b<span class=\"\" data-state=\"closed\"><\/span><\/p>\n<\/li>\n<li data-start=\"550\" data-end=\"668\" class=\"\">\n<p data-start=\"552\" data-end=\"668\" class=\"\"><strong data-start=\"552\" data-end=\"582\">Mochila de gran capacidad:<\/strong> <span class=\"relative -mx-px my-[-0.2rem] rounded px-px py-[0.2rem]\">Espacio suficiente para almacenar un casco integral, guantes y m\u00e1s.<\/span>\u200b<span class=\"\" data-state=\"closed\"><span class=\"ml-1 inline-flex max-w-full items-center relative top-[-0.094rem]\"><\/span><\/span><\/p>\n<\/li>\n<li data-start=\"669\" data-end=\"779\" class=\"\">\n<p data-start=\"671\" data-end=\"779\" class=\"\"><strong data-start=\"671\" data-end=\"693\">Conversi\u00f3n r\u00e1pida:<\/strong> <span class=\"relative -mx-px my-[-0.2rem] rounded px-px py-[0.2rem]\">Transforma la chaqueta en mochila en menos de un minuto.<\/span><\/p>\n<\/li>\n<li data-start=\"780\" data-end=\"889\" class=\"\">\n<p data-start=\"782\" data-end=\"889\" class=\"\"><strong data-start=\"782\" data-end=\"803\">Dise\u00f1o y calidad:<\/strong> <span class=\"relative -mx-px my-[-0.2rem] rounded px-px py-[0.2rem]\">Dise\u00f1o espa\u00f1ol con materiales de alta calidad.<\/span>\u200b<span class=\"\" data-state=\"closed\"><\/span><\/p>\n<\/li>\n<li data-start=\"890\" data-end=\"996\" class=\"\">\n<p data-start=\"892\" data-end=\"996\" class=\"\"><strong data-start=\"892\" data-end=\"910\">Adaptabilidad:<\/strong> <span class=\"relative -mx-px my-[-0.2rem] rounded px-px py-[0.2rem]\">Disponible en varios colores para adaptarse a tu estilo personal.<\/span><\/p>\n<\/li>\n<\/ul>\n<h2><strong>\u00bfCu\u00e1l es mi talla?<\/strong><\/h2>\n<p>Backjacket talla de forma muy similar a las marcas m\u00e1s conocidas del mercado, no obstante ten en cuenta que las protecciones de nivel 2 son m\u00e1s gruesas que las habituales, por lo que es posible que necesites una talla m\u00e1s si sueles llevar varias capas de ropa.<\/p>\n<p>&nbsp;<\/p>\n<p><img loading=\"lazy\" decoding=\"async\" src=\"https:\/\/www.thebackjacket.com\/wp-content\/uploads\/2025\/11\/medidas.png\" alt=\"\" width=\"2461\" height=\"627\" class=\"aligncenter size-full wp-image-758\" srcset=\"https:\/\/www.thebackjacket.com\/wp-content\/uploads\/2025\/11\/medidas.png 2461w, https:\/\/www.thebackjacket.com\/wp-content\/uploads\/2025\/11\/medidas-300x76.png 300w, https:\/\/www.thebackjacket.com\/wp-content\/uploads\/2025\/11\/medidas-1024x261.png 1024w, https:\/\/www.thebackjacket.com\/wp-content\/uploads\/2025\/11\/medidas-768x196.png 768w, https:\/\/www.thebackjacket.com\/wp-content\/uploads\/2025\/11\/medidas-1536x391.png 1536w, https:\/\/www.thebackjacket.com\/wp-content\/uploads\/2025\/11\/medidas-2048x522.png 2048w, https:\/\/www.thebackjacket.com\/wp-content\/uploads\/2025\/11\/medidas-600x153.png 600w\" sizes=\"auto, (max-width: 2461px) 100vw, 2461px\" \/><\/p>\n<p>&nbsp;<\/p>\n<h2><strong>\u00bfCu\u00e1ndo me llegar\u00e1?<\/strong><\/h2>\n<p>El plazo de entrega de productos en stock es de 24-48 horas en Espa\u00f1a peninsular. Los pedidos realizados en fin de semana o d\u00edas festivos se enviar\u00e1n el siguiente d\u00eda laborable.<\/p>\n","protected":false},"excerpt":{"rendered":"<p>Experimenta la libertad de conducir sin preocupaciones con la Backjacket, la chaqueta motera que combina dise\u00f1o espa\u00f1ol y m\u00e1xima calidad. Fabricada con Cordura 600D y equipada con protecciones de nivel 2, ofrece una protecci\u00f3n superior en tus desplazamientos. Su caracter\u00edstica m\u00e1s destacada es su capacidad de conversi\u00f3n r\u00e1pida: <strong>en menos de un minuto, la chaqueta se transforma en una mochila espaciosa donde puedes guardar tu casco integral, guantes e incluso un chaleco airbag<\/strong>. Olv\u00eddate de las maletas inc\u00f3modas o del top-case y disfruta de una soluci\u00f3n pr\u00e1ctica y estilizada para tus necesidades diarias.<\/p>\n<p><strong>UNISEX<\/strong>: Se adapta perfectamente al cuerpo masculino y femenino gracias a las tiras laterales.<\/p>\n<p>Env\u00edos en 24-48 horas.<\/p>\n","protected":false},"featured_media":649,"comment_status":"open","ping_status":"closed","template":"","meta":[],"product_brand":[21],"product_cat":[20],"product_tag":[],"class_list":{"0":"post-504","1":"product","2":"type-product","3":"status-publish","4":"has-post-thumbnail","6":"product_brand-backjacket","7":"product_cat-chaquetas-de-moto-convertibles","9":"first","10":"outofstock","11":"taxable","12":"shipping-taxable","13":"purchasable","14":"product-type-variable","15":"has-default-attributes"},"jetpack_sharing_enabled":true,"_links":{"self":[{"href":"https:\/\/www.thebackjacket.com\/index.php\/wp-json\/wp\/v2\/product\/504","targetHints":{"allow":["GET"]}}],"collection":[{"href":"https:\/\/www.thebackjacket.com\/index.php\/wp-json\/wp\/v2\/product"}],"about":[{"href":"https:\/\/www.thebackjacket.com\/index.php\/wp-json\/wp\/v2\/types\/product"}],"replies":[{"embeddable":true,"href":"https:\/\/www.thebackjacket.com\/index.php\/wp-json\/wp\/v2\/comments?post=504"}],"wp:featuredmedia":[{"embeddable":true,"href":"https:\/\/www.thebackjacket.com\/index.php\/wp-json\/wp\/v2\/media\/649"}],"wp:attachment":[{"href":"https:\/\/www.thebackjacket.com\/index.php\/wp-json\/wp\/v2\/media?parent=504"}],"wp:term":[{"taxonomy":"product_brand","embeddable":true,"href":"https:\/\/www.thebackjacket.com\/index.php\/wp-json\/wp\/v2\/product_brand?post=504"},{"taxonomy":"product_cat","embeddable":true,"href":"https:\/\/www.thebackjacket.com\/index.php\/wp-json\/wp\/v2\/product_cat?post=504"},{"taxonomy":"product_tag","embeddable":true,"href":"https:\/\/www.thebackjacket.com\/index.php\/wp-json\/wp\/v2\/product_tag?post=504"}],"curies":[{"name":"wp","href":"https:\/\/api.w.org\/{rel}","templated":true}]}}