{"id":402,"date":"2025-04-21T23:00:22","date_gmt":"2025-04-21T23:00:22","guid":{"rendered":"https:\/\/www.thebackjacket.com\/?page_id=402"},"modified":"2025-06-05T23:09:01","modified_gmt":"2025-06-05T23:09:01","slug":"aviso-legal","status":"publish","type":"page","link":"https:\/\/www.thebackjacket.com\/index.php\/aviso-legal\/","title":{"rendered":"Aviso legal"},"content":{"rendered":"<section>\n<h1>Aviso Legal<\/h1>\n<p><strong>\u00daltima actualizaci\u00f3n: abril de 2025<\/strong><\/p>\n<h2>1. Titular del sitio web<\/h2>\n<p>En cumplimiento con el deber de informaci\u00f3n establecido en la Ley 34\/2002, de 11 de julio, de servicios de la sociedad de la informaci\u00f3n y de comercio electr\u00f3nico (LSSI-CE), se informa que el presente sitio web <strong>www.thebackjacket.com<\/strong> es titularidad de:<\/p>\n<ul>\n<li><strong>Denominaci\u00f3n social:<\/strong> Motomorfosis S.L.<\/li>\n<li><strong>NIF:<\/strong> <span>B21949466<\/span><\/li>\n<li><strong>Domicilio social:<\/strong> C. de Ram\u00f3n y Cajal, 5, 28100 Alcobendas, Madrid<\/li>\n<li><strong>Email de contacto:<\/strong> info@thebackjacket.com<\/li>\n<li><strong>Datos registrales:<\/strong> Inscrita en el Registro Mercantil de Madrid. [Datos completos pendientes de inclusi\u00f3n]<\/li>\n<\/ul>\n<h2>2. Objeto<\/h2>\n<p>El presente sitio web tiene como finalidad ofrecer informaci\u00f3n sobre los productos comercializados bajo la marca <strong>Backjacket<\/strong>, as\u00ed como permitir su adquisici\u00f3n a trav\u00e9s de medios electr\u00f3nicos.<\/p>\n<h2>3. Condiciones de uso<\/h2>\n<p>El acceso y utilizaci\u00f3n de este sitio web atribuye la condici\u00f3n de usuario e implica la aceptaci\u00f3n plena y sin reservas de todas las disposiciones incluidas en este Aviso Legal en el momento en que el usuario acceda al sitio.<\/p>\n<p>El usuario se compromete a hacer un uso adecuado del sitio web, sus contenidos y servicios, conforme a la ley, la moral, el orden p\u00fablico y el presente Aviso Legal.<\/p>\n<h2>4. Propiedad intelectual e industrial<\/h2>\n<p>Todos los contenidos del sitio web, incluyendo textos, im\u00e1genes, dise\u00f1os, logotipos, iconos, software, as\u00ed como el nombre comercial <strong>Backjacket<\/strong>, est\u00e1n protegidos por derechos de propiedad intelectual e industrial, titularidad de Motomorfosis S.L. o de terceros que han autorizado su uso.<\/p>\n<p>Queda prohibida su reproducci\u00f3n, distribuci\u00f3n o transformaci\u00f3n, total o parcial, sin la autorizaci\u00f3n expresa del titular.<\/p>\n<h2>5. Responsabilidad<\/h2>\n<p>Motomorfosis S.L. no se hace responsable de los da\u00f1os o perjuicios que pudiera ocasionar el uso indebido de los contenidos del sitio web por parte del usuario.<\/p>\n<p>Tampoco se responsabiliza de los posibles errores de seguridad que se puedan producir ni de los da\u00f1os que puedan causarse al sistema inform\u00e1tico del usuario como consecuencia de la presencia de virus u otros elementos da\u00f1inos.<\/p>\n<h2>6. Enlaces externos<\/h2>\n<p>Este sitio web puede contener enlaces a p\u00e1ginas externas. Motomorfosis S.L. no se hace responsable del contenido ni de cualquier otro aspecto relacionado con dichas p\u00e1ginas web.<\/p>\n<h2>7. Legislaci\u00f3n aplicable y jurisdicci\u00f3n<\/h2>\n<p>El presente Aviso Legal se rige por la legislaci\u00f3n espa\u00f1ola. Para la resoluci\u00f3n de cualquier controversia que pudiera derivarse del acceso o uso del sitio web, ambas partes se someten expresamente a los juzgados y tribunales de Madrid, renunciando a cualquier otro fuero que pudiera corresponderles.<\/p>\n<\/section>\n","protected":false},"excerpt":{"rendered":"<p>Aviso Legal \u00daltima actualizaci\u00f3n: abril de 2025 1. Titular del sitio web En cumplimiento con el deber de informaci\u00f3n establecido en la Ley 34\/2002, de 11 de julio, de servicios de la sociedad de la informaci\u00f3n y de comercio electr\u00f3nico (LSSI-CE), se informa que el presente sitio web www.thebackjacket.com es titularidad de: Denominaci\u00f3n social: Motomorfosis [&hellip;]<\/p>\n","protected":false},"author":1,"featured_media":0,"parent":0,"menu_order":0,"comment_status":"closed","ping_status":"closed","template":"","meta":{"footnotes":""},"class_list":["post-402","page","type-page","status-publish","hentry"],"jetpack_sharing_enabled":true,"_links":{"self":[{"href":"https:\/\/www.thebackjacket.com\/index.php\/wp-json\/wp\/v2\/pages\/402","targetHints":{"allow":["GET"]}}],"collection":[{"href":"https:\/\/www.thebackjacket.com\/index.php\/wp-json\/wp\/v2\/pages"}],"about":[{"href":"https:\/\/www.thebackjacket.com\/index.php\/wp-json\/wp\/v2\/types\/page"}],"author":[{"embeddable":true,"href":"https:\/\/www.thebackjacket.com\/index.php\/wp-json\/wp\/v2\/users\/1"}],"replies":[{"embeddable":true,"href":"https:\/\/www.thebackjacket.com\/index.php\/wp-json\/wp\/v2\/comments?post=402"}],"version-history":[{"count":2,"href":"https:\/\/www.thebackjacket.com\/index.php\/wp-json\/wp\/v2\/pages\/402\/revisions"}],"predecessor-version":[{"id":419,"href":"https:\/\/www.thebackjacket.com\/index.php\/wp-json\/wp\/v2\/pages\/402\/revisions\/419"}],"wp:attachment":[{"href":"https:\/\/www.thebackjacket.com\/index.php\/wp-json\/wp\/v2\/media?parent=402"}],"curies":[{"name":"wp","href":"https:\/\/api.w.org\/{rel}","templated":true}]}}